{"id":5283,"date":"2023-04-18T16:51:26","date_gmt":"2023-04-18T13:51:26","guid":{"rendered":"https:\/\/sonomed.com.tr\/atasehir-ekibimiz\/"},"modified":"2026-04-16T14:37:53","modified_gmt":"2026-04-16T11:37:53","slug":"our-atasehir-team","status":"publish","type":"page","link":"https:\/\/sonomed.com.tr\/en\/our-atasehir-team\/","title":{"rendered":"Our Ata\u015fehir Team"},"content":{"rendered":"\r\n<div class=\"wp-block-group\">\r\n<div class=\"wp-block-group__inner-container\">\r\n<section class=\"ekibimiz\">\r\n<section class=\"col-md-12\">\r\n<h1 style=\"text-align: center; color: black;\">Chairman of the Board<\/h1>\r\n<p style=\"text-align: center; font-size: 150%; line-height: 1.6;\">Dr. Serdar MUTLU<\/p>\r\n<h1 style=\"text-align: center;\">General Coordinator<\/h1>\r\n<p style=\"text-align: center; line-height: 1.6;\">Celal G\u00dcM\u00dc\u015e<\/p>\r\n<\/section>\r\n<section class=\"col-md-12\">\r\n<h1>Radiology Specialists<\/h1>\r\n<p style=\"line-height: 1.6;\"><a style=\"color: black;\" href=\"\/cm_sonomed\/en\/dr-mustafa-cantay-gok\/\">Dr. M. Cantay G\u00d6K<\/a><br \/><a href=\"https:\/\/sonomed.com.tr\/en\/dr-sebnem-akkaya\/\">Dr. \u015eebnem AKKAYA<\/a><br \/><a href=\"https:\/\/sonomed.com.tr\/en\/dr-ersen-alp-ozbalci\/\">Dr. Ersen Alp \u00d6ZBALCI<\/a><\/p>\r\n<\/section>\r\n<section class=\"col-md-12\">\r\n<h1>Corporate Communications<\/h1>\r\n<p style=\"line-height: 1.6;\">Didem DURAN<\/p>\r\n<\/section>\r\n<section class=\"col-md-12\">\r\n<h1>Accounting<\/h1>\r\n<p style=\"line-height: 1.6;\">Zeynep D\u0130NLEMEZ<\/p>\r\n<\/section>\r\n<section class=\"col-md-12\">\r\n<h1>Finance<\/h1>\r\n<p style=\"line-height: 1.6;\">Bilge BA\u015eDEM\u0130R<\/p>\r\n<p style=\"line-height: 1.6;\">B\u00fc\u015fra TEM\u0130\u015e<\/p>\r\n<\/section>\r\n<section class=\"col-md-12\">\r\n<h1>Contracted Institutions<\/h1>\r\n<p style=\"line-height: 1.6;\">Ay\u015fin \u00dcNLEL<\/p>\r\n<\/section>\r\n<section class=\"col-md-12\">\r\n<h1>Information Technologies<\/h1>\r\n<p style=\"line-height: 1.6;\">Burak \u00c7EL\u0130K<br \/>Oykun UGUZ<\/p>\r\n<\/section>\r\n<section class=\"col-md-12\">\r\n<h1>Branch Manager<\/h1>\r\n<p style=\"line-height: 1.6;\">Ay\u015fe Nur OZAN<\/p>\r\n<\/section>\r\n<section class=\"col-md-12\">\r\n<h1>Nurse<\/h1>\r\n<p style=\"line-height: 1.6;\">Tu\u011fba DEM\u0130R<\/p>\r\n<\/section>\r\n<section class=\"col-md-12\">\r\n<h1>Radiology Technicians<\/h1>\r\n<p style=\"line-height: 1.6;\">Abdullah \u015eEN<br \/>Ebru CARBO\u011eA<br \/>\u0130rem BARIN<br \/>Serdar AKTA\u015e<\/p>\r\n<\/section>\r\n<section class=\"col-md-12\">\r\n<h1>Medical Secretaries<\/h1>\r\n<p style=\"line-height: 1.6;\">Cihan KILIN\u00c7<br \/>Atakan \u00c7AKMAK<br \/>Fato\u015f \u015eAH\u0130NBAY<br \/>G\u00fclnur KAYAD\u0130B\u0130<br \/>Aleyna AVCI<br \/>Melike SERT<\/p>\r\n<\/section>\r\n<section class=\"col-md-12\">\r\n<h1>Technical Services<\/h1>\r\n<p style=\"line-height: 1.6;\">Emre K\u00d6SE<\/p>\r\n<h1>External Services<\/h1>\r\n<p style=\"line-height: 1.6;\">Murat KILI\u00c7ARSLAN<\/p>\r\n<\/section>\r\n<section class=\"col-md-12\">\r\n<h1>Support Services<\/h1>\r\n<p style=\"line-height: 1.6;\">Murat ATLIBA\u015eI<br \/>Meryem AYDIN<\/p>\r\n<\/section>\r\n<\/section>\r\n<\/div>\r\n<\/div><!-- \/wp:group --><!-- wp:post-content --><!-- wp:group -->\r\n<div class=\"wp-block-group\">\r\n<div class=\"wp-block-group__inner-container\"><!-- wp:html -->\r\n<section class=\"ekibimiz\">\r\n<section class=\"col-md-12\">\r\n<h1 style=\"text-align: center; color: black;\">Chairman of the Board<\/h1>\r\n<p style=\"text-align: center; font-size: 150%; line-height: 1.6;\">Dr. Serdar MUTLU<\/p>\r\n<h1 style=\"text-align: center;\">General Coordinator<\/h1>\r\n<p style=\"text-align: center; line-height: 1.6;\">Celal G\u00dcM\u00dc\u015e<\/p>\r\n<\/section>\r\n<section class=\"col-md-12\">\r\n<h1>Radiology Specialists<\/h1>\r\n<p style=\"line-height: 1.6;\"><a style=\"color: black;\" href=\"\/cm_sonomed\/en\/dr-mustafa-cantay-gok\/\">Dr. M. Cantay G\u00d6K<\/a><br \/><a href=\"https:\/\/sonomed.com.tr\/en\/dr-sebnem-akkaya\/\">Dr. \u015eebnem AKKAYA<\/a><br \/><a href=\"https:\/\/sonomed.com.tr\/en\/dr-ersen-alp-ozbalci\/\">Dr. Ersen Alp \u00d6ZBALCI<\/a><\/p>\r\n<\/section>\r\n<section class=\"col-md-12\">\r\n<h1>Corporate Communications<\/h1>\r\n<p style=\"line-height: 1.6;\">Didem DURAN<\/p>\r\n<\/section>\r\n<section class=\"col-md-12\">\r\n<h1>Accounting<\/h1>\r\n<p style=\"line-height: 1.6;\">Zeynep D\u0130NLEMEZ<\/p>\r\n<\/section>\r\n<section class=\"col-md-12\">\r\n<h1>Finance<\/h1>\r\n<p style=\"line-height: 1.6;\">Bilge BA\u015eDEM\u0130R<\/p>\r\n<p style=\"line-height: 1.6;\">B\u00fc\u015fra TEM\u0130\u015e<\/p>\r\n<\/section>\r\n<section class=\"col-md-12\">\r\n<h1>Contracted Institutions<\/h1>\r\n<p style=\"line-height: 1.6;\">Ay\u015fin \u00dcNLEL<\/p>\r\n<\/section>\r\n<section class=\"col-md-12\">\r\n<h1>Information Technologies<\/h1>\r\n<p style=\"line-height: 1.6;\">Burak \u00c7EL\u0130K<br \/>Oykun UGUZ<\/p>\r\n<\/section>\r\n<section class=\"col-md-12\">\r\n<h1>Branch Manager<\/h1>\r\n<p style=\"line-height: 1.6;\">Ay\u015fe Nur OZAN<\/p>\r\n<\/section>\r\n<section class=\"col-md-12\">\r\n<h1>Nurse<\/h1>\r\n<p style=\"line-height: 1.6;\">Tu\u011fba DEM\u0130R<\/p>\r\n<\/section>\r\n<section class=\"col-md-12\">\r\n<h1>Radiology Technicians<\/h1>\r\n<p style=\"line-height: 1.6;\">Abdullah \u015eEN<br \/>Ebru CARBO\u011eA<br \/>\u0130rem BARIN<br \/>Serdar AKTA\u015e<\/p>\r\n<\/section>\r\n<section class=\"col-md-12\">\r\n<h1>Medical Secretaries<\/h1>\r\n<p style=\"line-height: 1.6;\">Cihan KILIN\u00c7<br \/>Atakan \u00c7AKMAK<br \/>Fato\u015f \u015eAH\u0130NBAY<br \/>G\u00fclnur KAYAD\u0130B\u0130<br \/>Aleyna AVCI<br \/>Melike SERT<\/p>\r\n<\/section>\r\n<section class=\"col-md-12\">\r\n<h1>Technical Services<\/h1>\r\n<p style=\"line-height: 1.6;\">Emre K\u00d6SE<\/p>\r\n<h1>External Services<\/h1>\r\n<p style=\"line-height: 1.6;\">Murat KILI\u00c7ARSLAN<\/p>\r\n<\/section>\r\n<section class=\"col-md-12\">\r\n<h1>Support Services<\/h1>\r\n<p style=\"line-height: 1.6;\">Murat ATLIBA\u015eI<br \/>Meryem AYDIN<\/p>\r\n<\/section>\r\n<\/section>\r\n<\/div>\r\n<\/div><!-- \/wp:post-content -->","protected":false},"excerpt":{"rendered":"<p>Chairman of the Board Dr. Serdar MUTLU General Coordinator Celal G\u00dcM\u00dc\u015e Radiology Specialists Dr. M. Cantay G\u00d6KDr. \u015eebnem AKKAYADr. Ersen Alp \u00d6ZBALCI Corporate Communications Didem DURAN Accounting Zeynep D\u0130NLEMEZ Finance Bilge BA\u015eDEM\u0130R B\u00fc\u015fra TEM\u0130\u015e Contracted Institutions Ay\u015fin \u00dcNLEL Information Technologies Burak \u00c7EL\u0130KOykun UGUZ Branch Manager Ay\u015fe Nur OZAN Nurse Tu\u011fba DEM\u0130R Radiology Technicians Abdullah \u015eENEbru [&hellip;]<\/p>\n","protected":false},"author":1,"featured_media":0,"parent":0,"menu_order":0,"comment_status":"open","ping_status":"open","template":"","meta":{"footnotes":""},"class_list":["post-5283","page","type-page","status-publish","hentry"],"_links":{"self":[{"href":"https:\/\/sonomed.com.tr\/en\/wp-json\/wp\/v2\/pages\/5283","targetHints":{"allow":["GET"]}}],"collection":[{"href":"https:\/\/sonomed.com.tr\/en\/wp-json\/wp\/v2\/pages"}],"about":[{"href":"https:\/\/sonomed.com.tr\/en\/wp-json\/wp\/v2\/types\/page"}],"author":[{"embeddable":true,"href":"https:\/\/sonomed.com.tr\/en\/wp-json\/wp\/v2\/users\/1"}],"replies":[{"embeddable":true,"href":"https:\/\/sonomed.com.tr\/en\/wp-json\/wp\/v2\/comments?post=5283"}],"version-history":[{"count":11,"href":"https:\/\/sonomed.com.tr\/en\/wp-json\/wp\/v2\/pages\/5283\/revisions"}],"predecessor-version":[{"id":5827,"href":"https:\/\/sonomed.com.tr\/en\/wp-json\/wp\/v2\/pages\/5283\/revisions\/5827"}],"wp:attachment":[{"href":"https:\/\/sonomed.com.tr\/en\/wp-json\/wp\/v2\/media?parent=5283"}],"curies":[{"name":"wp","href":"https:\/\/api.w.org\/{rel}","templated":true}]}}