{"id":4663,"date":"2020-07-22T09:22:42","date_gmt":"2020-07-22T06:22:42","guid":{"rendered":"https:\/\/sonomed.com.tr\/sonomed-fulya-subesi\/"},"modified":"2025-10-09T16:55:27","modified_gmt":"2025-10-09T13:55:27","slug":"sonomed-fulya-branch","status":"publish","type":"page","link":"https:\/\/sonomed.com.tr\/en\/sonomed-fulya-branch\/","title":{"rendered":"Sonomed Fulya Branch"},"content":{"rendered":"<p><strong>Sonomed Medical Imaging Center and Laboratory, which has been serving in Kad\u0131k\u00f6y for years, opened its Sonomed Fulya branch on the European Side of Istanbul, in Fulya, which is shown as one of Istanbul&#8217;s most central points and a connection point for Be\u015fikta\u015f, \u015ei\u015fli, and Ni\u015fanta\u015f\u0131. <\/strong><\/p>\n<h2 class=\"has-text-align-center\"><a href=\"https:\/\/www.youtube.com\/watch?v=RVWJUkZINeo\" target=\"_blank\" rel=\"noopener\">Watch the Promotional Film Now<\/a><\/h2>\n<div class=\"wp-block-image full-image\">\n<figure class=\"aligncenter size-large\"><a href=\"https:\/\/www.youtube.com\/watch?v=RVWJUkZINeo\" target=\"_blank\" rel=\"noopener\"><img decoding=\"async\" class=\"wp-image-3351\" src=\"https:\/\/sonomed.com.tr\/wp-content\/uploads\/2020\/09\/sonomed-fulya-tanitim.jpg\" alt=\"\" title=\"\"><\/a><\/figure>\n<\/div>\n<p><strong>There was a demand from those who have been experiencing the Sonomed quality at our Kad\u0131k\u00f6y center for a long time to bring Sonomed quality to the European Side of Istanbul as well. A significant success was achieved both to meet these demands and to add more value to Turkey&#8217;s healthcare services.<\/strong> <strong>Sonomed Fulya Medical Imaging Center is located on Fulya Hakk\u0131 Yeten Street.<\/strong> <strong>You can see its location more clearly in the image below.<\/strong><\/p>\n<figure class=\"wp-block-image size-large full-image\"><img decoding=\"async\" class=\"wp-image-3150\" src=\"https:\/\/sonomed.com.tr\/wp-content\/uploads\/2020\/07\/Sonomed-fulya-konum.jpg\" alt=\"\" title=\"\"><\/figure>\n<h2>What Does Sonomed Fulya Offer?<\/h2>\n<p>With Sonomed Fulya, Sonomed&#8217;s understanding of quality is now offered in a way that is more easily accessible to our guests coming from the European Side to Kad\u0131k\u00f6y. You can see the details of these services and the devices used below.<\/p>\n<figure class=\"wp-block-image size-large full-image\"><img decoding=\"async\" class=\"wp-image-3152\" src=\"https:\/\/sonomed.com.tr\/wp-content\/uploads\/2020\/07\/sonomed-fulya-mamografi.jpg\" alt=\"\" title=\"\"><\/figure>\n<p><strong>&#8211; <\/strong>3 Tesla Open Bore Magnetic Resonance (MR)<\/p>\n<p><strong>&#8211; <\/strong>Multi-Slice Computed Tomography (CT)<\/p>\n<p><strong>&#8211; <\/strong>3D Tomosynthesis Mammography<\/p>\n<p><strong>&#8211; <\/strong>Color Doppler Ultrasonography<\/p>\n<p><strong>&#8211; <\/strong>Digital X-ray<\/p>\n<p><strong>&#8211; <\/strong>Bone Densitometry<\/p>\n<p><strong>&#8211; <\/strong>In addition to these, extra services such as Biopsies, QCT Bone Density, and Fusion Prostate Biopsy are also included in this list, in cooperation with the Kad\u0131k\u00f6y branch.<\/p>\n<figure class=\"wp-block-image size-large full-image\"><img decoding=\"async\" class=\"wp-image-3160\" src=\"https:\/\/sonomed.com.tr\/wp-content\/uploads\/2020\/07\/sonomed-fulya-mr.jpg\" alt=\"\" title=\"\"><\/figure>\n<p>Especially since the 3 Tesla Open Bore MR was an important need for this region, it was added to Sonomed&#8217;s equipment park with a significant investment. Thus, both Sonomed Kad\u0131k\u00f6y and Sonomed Fulya have started serving with 3 Tesla Open Bore MR.<\/p>\n<h2>A Special 4-Story Facility and Exclusive Opportunities for Our Guests<\/h2>\n<p>In addition to having a very central location, Sonomed Fulya has also made an investment that reflects its brand culture. As is known, our center in Kad\u0131k\u00f6y provides safe healthcare services, accredited by JCI (Joint Commission International).<\/p>\n<figure class=\"wp-block-image size-large full-image\"><img decoding=\"async\" class=\"wp-image-3161\" src=\"https:\/\/sonomed.com.tr\/wp-content\/uploads\/2020\/07\/sonomed-fulya-kafe.jpg\" alt=\"\" title=\"\"><\/figure>\n<p>Considering all this, spaces where our guests can rest before receiving their results were carefully thought out in Fulya to continue the same culture. A special parking lot was created, which only Sonomed guests can use, after analyzing the traffic conditions and density of the Fulya area.<\/p>\n<figure class=\"wp-block-image size-large full-image\"><img decoding=\"async\" class=\"wp-image-3163\" src=\"https:\/\/sonomed.com.tr\/wp-content\/uploads\/2020\/07\/sonomed-fulya-lobi.jpg\" alt=\"\" title=\"\"><\/figure>\n<p>When creating the lobby and waiting areas inside the building, a relaxing ambiance was targeted for our guests. Comfort and hygiene were prioritized. Materials that can be easily and quickly cleaned and where hygiene application can be comfortably performed were preferred in frequently used areas such as corridors, lobby and waiting areas, restrooms, doors, and stairs. While considering all these, a visual space where our guests could feel peaceful was also targeted.<\/p>\n<h2><strong>Contact and Address Information<\/strong><\/h2>\n<p>We would like to remind you that when you want to contact Sonomed Fulya, you can use the information below, or you can also reach us through Sonomed Kad\u0131k\u00f6y.<\/p>\n<p><strong>Phone:<\/strong> <a href=\"tel:02122916666\">0212 291 66 66<\/a><\/p>\n<p><strong>Address:<\/strong> Dikilita\u015f Mah. Hakk\u0131 Yeten Cad. No:12 Fulya &#8211; Be\u015fikta\u015f \/ \u0130stanbul (Next to Opet Gas Station)<\/p>\n<p><strong>E-Mail:<\/strong> sonomed@sonomed.com.tr<\/p>\n<p><strong>For Directions via Google Maps:<\/strong> <a href=\"https:\/\/goo.gl\/maps\/BnbEtRwbFkzHcyz38\" target=\"_blank\" rel=\"noopener\">https:\/\/goo.gl\/maps\/BnbEtRwbFkzHcyz38<\/a><\/p>\n","protected":false},"excerpt":{"rendered":"<p>Sonomed Medical Imaging Center and Laboratory, which has been serving in Kad\u0131k\u00f6y for years, opened its Sonomed Fulya branch on the European Side of Istanbul, in Fulya, which is shown as one of Istanbul&#8217;s most central points and a connection point for Be\u015fikta\u015f, \u015ei\u015fli, and Ni\u015fanta\u015f\u0131. Watch the Promotional Film Now There was a demand [&hellip;]<\/p>\n","protected":false},"author":1,"featured_media":0,"parent":0,"menu_order":0,"comment_status":"closed","ping_status":"closed","template":"","meta":{"footnotes":""},"class_list":["post-4663","page","type-page","status-publish","hentry"],"_links":{"self":[{"href":"https:\/\/sonomed.com.tr\/en\/wp-json\/wp\/v2\/pages\/4663","targetHints":{"allow":["GET"]}}],"collection":[{"href":"https:\/\/sonomed.com.tr\/en\/wp-json\/wp\/v2\/pages"}],"about":[{"href":"https:\/\/sonomed.com.tr\/en\/wp-json\/wp\/v2\/types\/page"}],"author":[{"embeddable":true,"href":"https:\/\/sonomed.com.tr\/en\/wp-json\/wp\/v2\/users\/1"}],"replies":[{"embeddable":true,"href":"https:\/\/sonomed.com.tr\/en\/wp-json\/wp\/v2\/comments?post=4663"}],"version-history":[{"count":2,"href":"https:\/\/sonomed.com.tr\/en\/wp-json\/wp\/v2\/pages\/4663\/revisions"}],"predecessor-version":[{"id":4691,"href":"https:\/\/sonomed.com.tr\/en\/wp-json\/wp\/v2\/pages\/4663\/revisions\/4691"}],"wp:attachment":[{"href":"https:\/\/sonomed.com.tr\/en\/wp-json\/wp\/v2\/media?parent=4663"}],"curies":[{"name":"wp","href":"https:\/\/api.w.org\/{rel}","templated":true}]}}