{"id":4660,"date":"2021-03-22T16:36:09","date_gmt":"2021-03-22T13:36:09","guid":{"rendered":"https:\/\/sonomed.com.tr\/sonomed-atasehir-subesi\/"},"modified":"2025-10-09T16:53:00","modified_gmt":"2025-10-09T13:53:00","slug":"sonomed-atasehir-branch","status":"publish","type":"page","link":"https:\/\/sonomed.com.tr\/en\/sonomed-atasehir-branch\/","title":{"rendered":"Sonomed Ata\u015fehir Branch"},"content":{"rendered":"<p>Sonomed Medical Imaging Center and Laboratory, which has been serving in Kad\u0131k\u00f6y for years, opened its Ata\u015fehir Branch in Ata\u015fehir, shown as one of the most central points of Istanbul, after the Sonomed Fulya branch on the European Side of Istanbul.<\/p>\n<p><iframe loading=\"lazy\" title=\"Sonomed Ata\u015fehir \u015eubesi - Sonomed T\u0131bbi G\u00f6r\u00fcnt\u00fcleme Merkezi ve Laboratuvar\" width=\"1200\" height=\"675\" src=\"https:\/\/www.youtube.com\/embed\/F51lbINHwAQ?feature=oembed\" frameborder=\"0\" allow=\"accelerometer; autoplay; clipboard-write; encrypted-media; gyroscope; picture-in-picture; web-share\" referrerpolicy=\"strict-origin-when-cross-origin\" allowfullscreen><\/iframe><\/p>\n<h1 class=\"has-text-align-center\"><a href=\"https:\/\/www.youtube.com\/watch?v=F51lbINHwAQ\" target=\"_blank\" rel=\"noopener\">Our Ata\u015fehir Branch is Open<\/a><\/h1>\n<div class=\"wp-block-image\">\n<figure class=\"aligncenter size-large\"><a href=\"https:\/\/www.youtube.com\/watch?v=F51lbINHwAQ\" target=\"_blank\" rel=\"noopener\"><img decoding=\"async\" class=\"wp-image-3585\" src=\"https:\/\/sonomed.com.tr\/wp-content\/uploads\/2021\/04\/AtashirTanitim-1-1024x576.jpg\" alt=\"\" title=\"\"><\/a><\/figure>\n<\/div>\n<p>Those who have experienced the Sonomed quality in our Kad\u0131k\u00f6y and Fulya Centers for many years had intensely requested the delivery of Sonomed quality to Ata\u015fehir. A significant investment was made both to respond to these demands and to add more value to Ata\u015fehir, one of Istanbul&#8217;s important districts. Sonomed Ata\u015fehir Medical Imaging Center is located on Vedat G\u00fcnyol Street in Ata\u015fehir, in the vicinity of hospitals.<\/p>\n<figure class=\"wp-block-image size-large full-image\"><img decoding=\"async\" class=\"wp-image-3522\" src=\"https:\/\/sonomed.com.tr\/wp-content\/uploads\/2021\/02\/sonome_atasehir--1024x683.jpg\" alt=\"\" title=\"\"><\/figure>\n<h2>What Does Sonomed Ata\u015fehir Offer?<\/h2>\n<p>Sonomed provides services in Ata\u015fehir with devices positioned after major investments, maintaining Sonomed&#8217;s understanding of quality and reliable service. You can see the details of these services and the devices used below.<\/p>\n<p><strong>&#8211; <\/strong>Magnetic Resonance (MR)<\/p>\n<p><strong>&#8211; <\/strong>Multi-Slice Computed Tomography (CT)<\/p>\n<p><strong>&#8211; <\/strong>3D Tomosynthesis Digital Mammography<\/p>\n<p><strong>&#8211; <\/strong>Ultrasonography and Color Doppler Ultrasonography<\/p>\n<p>&#8211; Obstetric Ultrasonography<\/p>\n<p><strong>&#8211; <\/strong>Digital X-ray<\/p>\n<p><strong>&#8211; <\/strong>Bone Densitometry<\/p>\n<p>-Biopsies<\/p>\n<p>-Fusion Prostate Biopsy<\/p>\n<p>Additional services are also provided along with the Kad\u0131k\u00f6y Branch.<\/p>\n<p><strong>OBSTETRIC ULTRASONOGRAPHY<\/strong><\/p>\n<figure class=\"wp-block-image size-large\"><img decoding=\"async\" class=\"wp-image-4443\" src=\"https:\/\/sonomed.com.tr\/wp-content\/uploads\/2024\/01\/obstetrik-doppler-ultrason-1-1000x400-1.jpg\" alt=\"\" title=\"\"><\/figure>\n<p>Ultrasonography is widely used during pregnancy because it can obtain very high-quality images and because the device, which works with sound waves, has no harm to the baby or the mother.<br \/>We can generally group the ultrasonographies performed during pregnancy into three groups;<\/p>\n<p>-Early pregnancy ultrasonography performed between the 11th and 14th weeks of pregnancy<br \/>-Detailed pregnancy ultrasonography performed between the 18th and 24th weeks of pregnancy<br \/>-Gray-scale and Doppler ultrasonography performed after the 24th week in high-risk pregnancies.<\/p>\n<p>EARLY PREGNANCY ULTRASONOGRAPHY<br \/>This is ultrasonography that can be performed from the 11th week up to the 14th week of pregnancy, evaluating the baby&#8217;s body integrity, especially nuchal translucency, nasal bone development, and heart beats. By evaluating these obtained data together with the blood test results performed simultaneously, early diagnosis of possible genetic disorders can be made. In this way, necessary precautions can be taken and the decision for termination can be made very early, before the pregnancy progresses, if necessary.<\/p>\n<p>DETAILED PREGNANCY ULTRASONOGRAPHY<br \/>The &#8220;Detailed Ultrasound&#8221; or &#8220;Anatomy Scan&#8221; examination is a high-quality imaging examination that should be performed on every pregnant woman during routine pregnancy follow-up, between the 18th and 24th weeks of pregnancy, where all the baby&#8217;s organs are examined. This period, also called the second trimester (months 4-5-6), was chosen for detailed ultrasound because the development of all major structures of the baby is completed and bone development has not yet intensified, resulting in the highest image quality. Along with the ultrasonography data, the results of blood tests performed simultaneously are evaluated together to calculate probability percentages for certain hereditary diseases, and more advanced examinations are sought in pregnancies with high risk.<\/p>\n<ol start=\"24\">\n<li>ULTRASONOGRAPHY AND DOPPLER AFTER THE 24TH WEEK<br \/>-Sometimes for the follow-up of some findings detected during routine early pregnancy ultrasonography and detailed ultrasonography performed on every pregnant woman<br \/>-In pregnancies accompanied by some pre-existing maternal diseases, which we define as high-risk pregnancies, or some conditions developed during pregnancy (such as gestational diabetes, hypertension)<br \/>-Or it is applied in pregnancies where detailed ultrasonography could not be performed between the 18th and 24th weeks.<\/li>\n<\/ol>\n<p>Our Sonomed Ata\u015fehir branch;<\/p>\n<p>The Ata\u015fehir Branch for our guests was designed by a specialized architectural firm operating in the health sector and was conceived with modern architecture.<\/p>\n<figure class=\"wp-block-image size-large full-image\"><img decoding=\"async\" class=\"wp-image-3527\" src=\"https:\/\/sonomed.com.tr\/wp-content\/uploads\/2021\/02\/AtasehirIcMekan1-1024x682.jpg\" alt=\"\" title=\"\"><\/figure>\n<p>Architectural decisions were made by considering all details for our patients and guests. Special waiting and resting areas were created to ensure the comfort of our patients and guests.<\/p>\n<figure class=\"wp-block-image size-large full-image\"><img decoding=\"async\" class=\"wp-image-3523\" src=\"https:\/\/sonomed.com.tr\/wp-content\/uploads\/2021\/02\/atasehiricmekan-1024x682.jpg\" alt=\"\" title=\"\"><\/figure>\n<p>When creating the lobby and waiting areas inside the building, a relaxing ambiance was targeted for our guests. Comfort and hygiene were prioritized. Materials that can be easily and quickly cleaned and where hygiene application can be comfortably performed were preferred in frequently used areas such as corridors, lobby and waiting areas, restrooms, doors, and stairs. While considering all these, a visual space where our guests could feel peaceful was also targeted.<\/p>\n<h2><strong>Contact and Address Information<\/strong><\/h2>\n<p>We would like to remind you that you can use the information below to contact Sonomed Ata\u015fehir, or you can also reach us through Sonomed Kad\u0131k\u00f6y.<\/p>\n<p><strong>Phone:<\/strong> <a href=\"tel:02122916666\">216 566 85 91<\/a><\/p>\n<p><strong>Address:<\/strong> K\u00fc\u00e7\u00fckbakkalk\u00f6y Mah. Vedat G\u00fcnyol Cad. No:12 Ata\u015fehir \/ \u0130stanbul<\/p>\n<p><strong>E-Mail:<\/strong> sonomed@sonomed.com.tr<\/p>\n<p><strong>For Directions via Google Maps:<\/strong> <a href=\"https:\/\/goo.gl\/maps\/7L9b31d7MpUwr5Xb8\" target=\"_blank\" rel=\"noopener\">https:\/\/goo.gl\/maps\/BnbEtRwbFkzHcyz38<\/a><\/p>\n<h2>Photos<\/h2>\n<p>[ngg src=&#8221;galleries&#8221; ids=&#8221;3&#8243; display=&#8221;basic_thumbnail&#8221; thumbnail_crop=&#8221;0&#8243;]<\/p>\n","protected":false},"excerpt":{"rendered":"<p>Sonomed Medical Imaging Center and Laboratory, which has been serving in Kad\u0131k\u00f6y for years, opened its Ata\u015fehir Branch in Ata\u015fehir, shown as one of the most central points of Istanbul, after the Sonomed Fulya branch on the European Side of Istanbul. Our Ata\u015fehir Branch is Open Those who have experienced the Sonomed quality in our [&hellip;]<\/p>\n","protected":false},"author":1,"featured_media":0,"parent":0,"menu_order":0,"comment_status":"closed","ping_status":"closed","template":"","meta":{"footnotes":""},"class_list":["post-4660","page","type-page","status-publish","hentry"],"_links":{"self":[{"href":"https:\/\/sonomed.com.tr\/en\/wp-json\/wp\/v2\/pages\/4660","targetHints":{"allow":["GET"]}}],"collection":[{"href":"https:\/\/sonomed.com.tr\/en\/wp-json\/wp\/v2\/pages"}],"about":[{"href":"https:\/\/sonomed.com.tr\/en\/wp-json\/wp\/v2\/types\/page"}],"author":[{"embeddable":true,"href":"https:\/\/sonomed.com.tr\/en\/wp-json\/wp\/v2\/users\/1"}],"replies":[{"embeddable":true,"href":"https:\/\/sonomed.com.tr\/en\/wp-json\/wp\/v2\/comments?post=4660"}],"version-history":[{"count":3,"href":"https:\/\/sonomed.com.tr\/en\/wp-json\/wp\/v2\/pages\/4660\/revisions"}],"predecessor-version":[{"id":4686,"href":"https:\/\/sonomed.com.tr\/en\/wp-json\/wp\/v2\/pages\/4660\/revisions\/4686"}],"wp:attachment":[{"href":"https:\/\/sonomed.com.tr\/en\/wp-json\/wp\/v2\/media?parent=4660"}],"curies":[{"name":"wp","href":"https:\/\/api.w.org\/{rel}","templated":true}]}}