{"id":4654,"date":"2015-10-14T11:40:08","date_gmt":"2015-10-14T08:40:08","guid":{"rendered":"https:\/\/sonomed.com.tr\/kurumsal\/"},"modified":"2025-10-22T14:54:56","modified_gmt":"2025-10-22T11:54:56","slug":"institutional","status":"publish","type":"page","link":"https:\/\/sonomed.com.tr\/en\/institutional\/","title":{"rendered":"Institutional"},"content":{"rendered":"<p><strong><a href=\"https:\/\/sonomed.com.tr\/en\/legal-warning\/\">KVKK (Law on the Protection of Personal Data) Clarification Text<\/a><\/strong><\/p>\n<p><strong><a href=\"https:\/\/sonomed.com.tr\/en\/legal-warning\/\">Commercial Communication and Commercial Electronic Message Clarification Text<\/a><\/strong><\/p>\n<p><strong><a href=\"https:\/\/sonomed.com.tr\/en\/cookies-policy\/\">Cookies Policy\u200b<\/a><\/strong><\/p>\n<p><strong><a href=\"https:\/\/sonomed.com.tr\/en\/legal-warning\/\">Privacy Policy<\/a><\/strong><\/p>\n<p><strong><a href=\"https:\/\/sonomed.com.tr\/en\/legal-warning\/\">User Agreement<\/a><\/strong><\/p>\n<hr \/>\n<h3><strong>Corporate Information<br \/>\n<\/strong><\/h3>\n<p>Sonomed T\u0131bbi G\u00f6r\u00fcnt\u00fcleme ve Sa\u011fl\u0131k Hizmetleri Turizm Ticaret Anonim \u015eirketi (Sonomed Medical Imaging and Health Services Tourism Trade Joint Stock Company)<br \/>\nFikirtepe, Y\u0131ld\u0131r\u0131m Sk. No:10 Optimist Residence, 34720 Kad\u0131k\u00f6y \u0130stanbul<br \/>\nAnadolu Corporate Tax Office: 774 010 93 69<br \/>\nTrade Registry Number: 29168<\/p>\n<h3><strong>Company Introduction<\/strong><\/h3>\n<p>It was established on December 9, 1992, as Kad\u0131k\u00f6y Medical Imaging Trade Limited Company. The brand name Sonomed originated from the combination of the abbreviations of the words &#8220;Sonography&#8221; and &#8220;Medical.&#8221;<\/p>\n<p>On April 21, 2001, it was converted into Sonomed Kad\u0131k\u00f6y Medical Imaging and Health Services Trade Joint Stock Company.<\/p>\n<p>Since 1992, the name Sonomed has become synonymous with quality in imaging and laboratory services.<\/p>\n<p>In August 2020, Sonomed opened its Fulya branch on the European Side of Istanbul, and in March 2021, its Ata\u015fehir branch. With these centers opened on main avenues in Fulya and Ata\u015fehir, Sonomed quality is now offered to the medical world at three important locations in Istanbul: Kad\u0131k\u00f6y, Fulya, and Ata\u015fehir.<\/p>\n<h3><strong>Our Vision<\/strong><\/h3>\n<p>We are a healthcare organization that aims to be among the pioneers in the field of imaging and laboratory services through the scientific nature and quality of the services we offer in our country, to contribute to the field&#8217;s development by following national and international sector practices and good practices, and to continuously sustain and improve these efforts.<\/p>\n<h3><strong>Our Mission<\/strong><\/h3>\n<p>To create great value for our stakeholders by providing the highest contribution to meet the needs of patients and doctors in diagnosis, and by eliminating uncertainty during diagnosis and treatment.<\/p>\n<h3><strong>Our Quality Policy<\/strong><\/h3>\n<p>-We adopt and share the understanding of total quality management.<\/p>\n<p>-We improve the quality of life by providing accurate and reliable diagnostic services to our patients; we prioritize patient safety and satisfaction above all else.<\/p>\n<p>-We solve problems and prevent potential problems.<\/p>\n<p>-We take all necessary precautions to prevent potential complications, valuing human life above everything else.<\/p>\n<p>-We ensure the full participation of patients and their relatives in the diagnostic and treatment process by raising their awareness.<\/p>\n<p>-We embrace the team spirit and maintain a sense of corporate identity.<\/p>\n<p>-We create a qualified workforce by increasing the knowledge and skills of our employees; we ensure they become devoted healthcare professionals.<\/p>\n<p>-We create the most suitable working environment for our employees; we ensure their safety by reducing the risks inherent in the field.<\/p>\n<p>-We contribute to the development of medicine by continuously improving the services we offer.<\/p>\n<h3><strong>Our Core Values<\/strong><\/h3>\n<p>We solve problems.<\/p>\n<p>We use the highest technology and do it right the first time.<\/p>\n<p>The trust and safety of patients and doctors are crucial to us.<\/p>\n<p>We take all necessary precautions to prevent potential complications, valuing human life above everything else.<\/p>\n<p>We place great importance on human dignity and personal privacy.<\/p>\n<p>We believe in teamwork, and we have a working approach that is positive, sharing, and participatory.<\/p>\n","protected":false},"excerpt":{"rendered":"<p>KVKK (Law on the Protection of Personal Data) Clarification Text Commercial Communication and Commercial Electronic Message Clarification Text Cookies Policy\u200b Privacy Policy User Agreement Corporate Information Sonomed T\u0131bbi G\u00f6r\u00fcnt\u00fcleme ve Sa\u011fl\u0131k Hizmetleri Turizm Ticaret Anonim \u015eirketi (Sonomed Medical Imaging and Health Services Tourism Trade Joint Stock Company) Fikirtepe, Y\u0131ld\u0131r\u0131m Sk. No:10 Optimist Residence, 34720 Kad\u0131k\u00f6y [&hellip;]<\/p>\n","protected":false},"author":1,"featured_media":0,"parent":0,"menu_order":0,"comment_status":"open","ping_status":"open","template":"","meta":{"footnotes":""},"class_list":["post-4654","page","type-page","status-publish","hentry"],"_links":{"self":[{"href":"https:\/\/sonomed.com.tr\/en\/wp-json\/wp\/v2\/pages\/4654","targetHints":{"allow":["GET"]}}],"collection":[{"href":"https:\/\/sonomed.com.tr\/en\/wp-json\/wp\/v2\/pages"}],"about":[{"href":"https:\/\/sonomed.com.tr\/en\/wp-json\/wp\/v2\/types\/page"}],"author":[{"embeddable":true,"href":"https:\/\/sonomed.com.tr\/en\/wp-json\/wp\/v2\/users\/1"}],"replies":[{"embeddable":true,"href":"https:\/\/sonomed.com.tr\/en\/wp-json\/wp\/v2\/comments?post=4654"}],"version-history":[{"count":3,"href":"https:\/\/sonomed.com.tr\/en\/wp-json\/wp\/v2\/pages\/4654\/revisions"}],"predecessor-version":[{"id":5323,"href":"https:\/\/sonomed.com.tr\/en\/wp-json\/wp\/v2\/pages\/4654\/revisions\/5323"}],"wp:attachment":[{"href":"https:\/\/sonomed.com.tr\/en\/wp-json\/wp\/v2\/media?parent=4654"}],"curies":[{"name":"wp","href":"https:\/\/api.w.org\/{rel}","templated":true}]}}